{"id":1685891584,"date":"2023-08-17T13:18:05","date_gmt":"2023-08-17T11:18:05","guid":{"rendered":"https:\/\/loutficompany.com\/?post_type=product&#038;p=1685891584"},"modified":"2023-08-17T13:18:05","modified_gmt":"2023-08-17T11:18:05","slug":"gel-wc-fraicheur-oceanique-750-ml-2","status":"publish","type":"product","link":"https:\/\/loutficompany.com\/?product=gel-wc-fraicheur-oceanique-750-ml-2","title":{"rendered":"Gel Wc Fra\u00eecheur Oce\u00e1nique 750 ml"},"content":{"rendered":"<p>Description<br \/>\nLe Gel WC 750 ml MAYORDOMO nettoie et d\u00e9tartre la cuvette des toilettes et permet d\u2019enlever toutes les taches. Une utilisation r\u00e9guli\u00e8re permet de conserver des toilettes propres et en bon oce\u00e1nique \u00e9tat.<\/p>\n","protected":false},"excerpt":{"rendered":"<p>Description Le Gel WC 750 ml MAYORDOMO nettoie et d\u00e9tartre la cuvette des toilettes et permet d\u2019enlever toutes les taches. Une utilisation r\u00e9guli\u00e8re permet de conserver des toilettes propres et en bon oce\u00e1nique \u00e9tat.<\/p>\n","protected":false},"featured_media":1685891527,"template":"","meta":{"site-sidebar-layout":"default","site-content-layout":"","ast-site-content-layout":"","site-content-style":"default","site-sidebar-style":"default","ast-global-header-display":"","ast-banner-title-visibility":"","ast-main-header-display":"","ast-hfb-above-header-display":"","ast-hfb-below-header-display":"","ast-hfb-mobile-header-display":"","site-post-title":"","ast-breadcrumbs-content":"","ast-featured-img":"","footer-sml-layout":"","theme-transparent-header-meta":"","adv-header-id-meta":"","stick-header-meta":"","header-above-stick-meta":"","header-main-stick-meta":"","header-below-stick-meta":"","astra-migrate-meta-layouts":""},"product_cat":[],"product_tag":[],"_links":{"self":[{"href":"https:\/\/loutficompany.com\/index.php?rest_route=\/wp\/v2\/product\/1685891584"}],"collection":[{"href":"https:\/\/loutficompany.com\/index.php?rest_route=\/wp\/v2\/product"}],"about":[{"href":"https:\/\/loutficompany.com\/index.php?rest_route=\/wp\/v2\/types\/product"}],"wp:featuredmedia":[{"embeddable":true,"href":"https:\/\/loutficompany.com\/index.php?rest_route=\/wp\/v2\/media\/1685891527"}],"wp:attachment":[{"href":"https:\/\/loutficompany.com\/index.php?rest_route=%2Fwp%2Fv2%2Fmedia&parent=1685891584"}],"wp:term":[{"taxonomy":"product_cat","embeddable":true,"href":"https:\/\/loutficompany.com\/index.php?rest_route=%2Fwp%2Fv2%2Fproduct_cat&post=1685891584"},{"taxonomy":"product_tag","embeddable":true,"href":"https:\/\/loutficompany.com\/index.php?rest_route=%2Fwp%2Fv2%2Fproduct_tag&post=1685891584"}],"curies":[{"name":"wp","href":"https:\/\/api.w.org\/{rel}","templated":true}]}}