{"id":1685891576,"date":"2023-08-17T13:18:05","date_gmt":"2023-08-17T11:18:05","guid":{"rendered":"https:\/\/loutficompany.com\/?post_type=product&#038;p=1685891576"},"modified":"2023-08-17T13:40:06","modified_gmt":"2023-08-17T11:40:06","slug":"liquide-vaisselle-mains-delicates-750-ml-2","status":"publish","type":"product","link":"https:\/\/loutficompany.com\/?product=liquide-vaisselle-mains-delicates-750-ml-2","title":{"rendered":"Liquide Vaisselle Mains D\u00e9licates 750 ml"},"content":{"rendered":"<p>Description<br \/>\nNouveau liquide vaisselle Mayordomo avec Aloe Vera de 750 ml, sp\u00e9cialement formul\u00e9 pour \u00e9liminer la graisse et la salet\u00e9 \u00e0 la racine. Gr\u00e2ce \u00e0 ses nouveaux ingr\u00e9dients actifs qui am\u00e9liorent la douceur de votre peau, vos mains restent hydrat\u00e9es, douces et belles. Parfait pour des mains d\u00e9licates et un usage quotidien.<\/p>\n","protected":false},"excerpt":{"rendered":"<p>Description Nouveau liquide vaisselle Mayordomo avec Aloe Vera de 750 ml, sp\u00e9cialement formul\u00e9 pour \u00e9liminer la graisse et la salet\u00e9 \u00e0 la racine. Gr\u00e2ce \u00e0 ses nouveaux ingr\u00e9dients actifs qui am\u00e9liorent la douceur de votre peau, vos mains restent hydrat\u00e9es, douces et belles. Parfait pour des mains d\u00e9licates et un usage quotidien.<\/p>\n","protected":false},"featured_media":1685891511,"template":"","meta":{"site-sidebar-layout":"default","site-content-layout":"","ast-site-content-layout":"","site-content-style":"default","site-sidebar-style":"default","ast-global-header-display":"","ast-banner-title-visibility":"","ast-main-header-display":"","ast-hfb-above-header-display":"","ast-hfb-below-header-display":"","ast-hfb-mobile-header-display":"","site-post-title":"","ast-breadcrumbs-content":"","ast-featured-img":"","footer-sml-layout":"","theme-transparent-header-meta":"","adv-header-id-meta":"","stick-header-meta":"","header-above-stick-meta":"","header-main-stick-meta":"","header-below-stick-meta":"","astra-migrate-meta-layouts":""},"product_cat":[93],"product_tag":[],"_links":{"self":[{"href":"https:\/\/loutficompany.com\/index.php?rest_route=\/wp\/v2\/product\/1685891576"}],"collection":[{"href":"https:\/\/loutficompany.com\/index.php?rest_route=\/wp\/v2\/product"}],"about":[{"href":"https:\/\/loutficompany.com\/index.php?rest_route=\/wp\/v2\/types\/product"}],"wp:featuredmedia":[{"embeddable":true,"href":"https:\/\/loutficompany.com\/index.php?rest_route=\/wp\/v2\/media\/1685891511"}],"wp:attachment":[{"href":"https:\/\/loutficompany.com\/index.php?rest_route=%2Fwp%2Fv2%2Fmedia&parent=1685891576"}],"wp:term":[{"taxonomy":"product_cat","embeddable":true,"href":"https:\/\/loutficompany.com\/index.php?rest_route=%2Fwp%2Fv2%2Fproduct_cat&post=1685891576"},{"taxonomy":"product_tag","embeddable":true,"href":"https:\/\/loutficompany.com\/index.php?rest_route=%2Fwp%2Fv2%2Fproduct_tag&post=1685891576"}],"curies":[{"name":"wp","href":"https:\/\/api.w.org\/{rel}","templated":true}]}}