{"id":1685891565,"date":"2023-08-17T13:18:04","date_gmt":"2023-08-17T11:18:04","guid":{"rendered":"https:\/\/loutficompany.com\/?post_type=product&#038;p=1685891565"},"modified":"2023-08-17T13:40:06","modified_gmt":"2023-08-17T11:40:06","slug":"nettoyant-vitroceramique-500-ml-2","status":"publish","type":"product","link":"https:\/\/loutficompany.com\/?product=nettoyant-vitroceramique-500-ml-2","title":{"rendered":"Nettoyant Vitroc\u00e9ramique 500 ml"},"content":{"rendered":"<p>Description<br \/>\nNettoyant Vitroc\u00e9ramique 500 ml MAYORDOMO, nettoie et d\u00e9graisse les plaques vitroc\u00e9ramique.<\/p>\n","protected":false},"excerpt":{"rendered":"<p>Description Nettoyant Vitroc\u00e9ramique 500 ml MAYORDOMO, nettoie et d\u00e9graisse les plaques vitroc\u00e9ramique.<\/p>\n","protected":false},"featured_media":1685891489,"template":"","meta":{"site-sidebar-layout":"default","site-content-layout":"","ast-site-content-layout":"","site-content-style":"default","site-sidebar-style":"default","ast-global-header-display":"","ast-banner-title-visibility":"","ast-main-header-display":"","ast-hfb-above-header-display":"","ast-hfb-below-header-display":"","ast-hfb-mobile-header-display":"","site-post-title":"","ast-breadcrumbs-content":"","ast-featured-img":"","footer-sml-layout":"","theme-transparent-header-meta":"","adv-header-id-meta":"","stick-header-meta":"","header-above-stick-meta":"","header-main-stick-meta":"","header-below-stick-meta":"","astra-migrate-meta-layouts":""},"product_cat":[93],"product_tag":[],"_links":{"self":[{"href":"https:\/\/loutficompany.com\/index.php?rest_route=\/wp\/v2\/product\/1685891565"}],"collection":[{"href":"https:\/\/loutficompany.com\/index.php?rest_route=\/wp\/v2\/product"}],"about":[{"href":"https:\/\/loutficompany.com\/index.php?rest_route=\/wp\/v2\/types\/product"}],"wp:featuredmedia":[{"embeddable":true,"href":"https:\/\/loutficompany.com\/index.php?rest_route=\/wp\/v2\/media\/1685891489"}],"wp:attachment":[{"href":"https:\/\/loutficompany.com\/index.php?rest_route=%2Fwp%2Fv2%2Fmedia&parent=1685891565"}],"wp:term":[{"taxonomy":"product_cat","embeddable":true,"href":"https:\/\/loutficompany.com\/index.php?rest_route=%2Fwp%2Fv2%2Fproduct_cat&post=1685891565"},{"taxonomy":"product_tag","embeddable":true,"href":"https:\/\/loutficompany.com\/index.php?rest_route=%2Fwp%2Fv2%2Fproduct_tag&post=1685891565"}],"curies":[{"name":"wp","href":"https:\/\/api.w.org\/{rel}","templated":true}]}}