{"id":1685891514,"date":"2023-08-16T14:54:02","date_gmt":"2023-08-16T12:54:02","guid":{"rendered":"https:\/\/loutficompany.com\/?post_type=product&#038;p=1685891514"},"modified":"2023-08-17T13:45:52","modified_gmt":"2023-08-17T11:45:52","slug":"lave-vitres-1000-ml","status":"publish","type":"product","link":"https:\/\/loutficompany.com\/?product=lave-vitres-1000-ml","title":{"rendered":"Lave Vitres 1000 ml"},"content":{"rendered":"","protected":false},"excerpt":{"rendered":"<p>Description<br \/>\nLe Lave Vitres 1000 ml MAYORDOMO rend vos vitres et miroirs parfaitement brillants sans laisser de traces. Sa nouvelle formule \u00e9limine la salet\u00e9 plus facilement et plus vite, tout en d\u00e9gageant une agr\u00e9able odeur de propret\u00e9. De plus, l\u00b4effet antibu\u00e9e emp\u00eache les miroirs de s\u2019embuer.<\/p>\n","protected":false},"featured_media":1685891515,"template":"","meta":{"site-sidebar-layout":"default","site-content-layout":"","ast-site-content-layout":"","site-content-style":"default","site-sidebar-style":"default","ast-global-header-display":"","ast-banner-title-visibility":"","ast-main-header-display":"","ast-hfb-above-header-display":"","ast-hfb-below-header-display":"","ast-hfb-mobile-header-display":"","site-post-title":"","ast-breadcrumbs-content":"","ast-featured-img":"","footer-sml-layout":"","theme-transparent-header-meta":"","adv-header-id-meta":"","stick-header-meta":"","header-above-stick-meta":"","header-main-stick-meta":"","header-below-stick-meta":"","astra-migrate-meta-layouts":""},"product_cat":[92],"product_tag":[],"_links":{"self":[{"href":"https:\/\/loutficompany.com\/index.php?rest_route=\/wp\/v2\/product\/1685891514"}],"collection":[{"href":"https:\/\/loutficompany.com\/index.php?rest_route=\/wp\/v2\/product"}],"about":[{"href":"https:\/\/loutficompany.com\/index.php?rest_route=\/wp\/v2\/types\/product"}],"wp:featuredmedia":[{"embeddable":true,"href":"https:\/\/loutficompany.com\/index.php?rest_route=\/wp\/v2\/media\/1685891515"}],"wp:attachment":[{"href":"https:\/\/loutficompany.com\/index.php?rest_route=%2Fwp%2Fv2%2Fmedia&parent=1685891514"}],"wp:term":[{"taxonomy":"product_cat","embeddable":true,"href":"https:\/\/loutficompany.com\/index.php?rest_route=%2Fwp%2Fv2%2Fproduct_cat&post=1685891514"},{"taxonomy":"product_tag","embeddable":true,"href":"https:\/\/loutficompany.com\/index.php?rest_route=%2Fwp%2Fv2%2Fproduct_tag&post=1685891514"}],"curies":[{"name":"wp","href":"https:\/\/api.w.org\/{rel}","templated":true}]}}