{"id":1685891512,"date":"2023-08-16T14:54:02","date_gmt":"2023-08-16T12:54:02","guid":{"rendered":"https:\/\/loutficompany.com\/?post_type=product&#038;p=1685891512"},"modified":"2023-08-17T13:43:07","modified_gmt":"2023-08-17T11:43:07","slug":"liquide-vaisselle-concentre-1250-ml-xxl","status":"publish","type":"product","link":"https:\/\/loutficompany.com\/?product=liquide-vaisselle-concentre-1250-ml-xxl","title":{"rendered":"Liquide Vaisselle Concentr\u00e9 1250 ml XXL"},"content":{"rendered":"","protected":false},"excerpt":{"rendered":"<p>Description<br \/>\nLe liquide vaisselle original de Mayordomo de 1250 ml, sp\u00e9cialement formul\u00e9 pour \u00e9liminer la graisse et la salet\u00e9 \u00e0 la racine. Profitez de 25 % GRATUIT et obtenez un r\u00e9sultat brillant et un d\u00e9graissage total de vos assiettes.<\/p>\n","protected":false},"featured_media":1685891513,"template":"","meta":{"site-sidebar-layout":"default","site-content-layout":"","ast-site-content-layout":"","site-content-style":"default","site-sidebar-style":"default","ast-global-header-display":"","ast-banner-title-visibility":"","ast-main-header-display":"","ast-hfb-above-header-display":"","ast-hfb-below-header-display":"","ast-hfb-mobile-header-display":"","site-post-title":"","ast-breadcrumbs-content":"","ast-featured-img":"","footer-sml-layout":"","theme-transparent-header-meta":"","adv-header-id-meta":"","stick-header-meta":"","header-above-stick-meta":"","header-main-stick-meta":"","header-below-stick-meta":"","astra-migrate-meta-layouts":""},"product_cat":[93],"product_tag":[],"_links":{"self":[{"href":"https:\/\/loutficompany.com\/index.php?rest_route=\/wp\/v2\/product\/1685891512"}],"collection":[{"href":"https:\/\/loutficompany.com\/index.php?rest_route=\/wp\/v2\/product"}],"about":[{"href":"https:\/\/loutficompany.com\/index.php?rest_route=\/wp\/v2\/types\/product"}],"wp:featuredmedia":[{"embeddable":true,"href":"https:\/\/loutficompany.com\/index.php?rest_route=\/wp\/v2\/media\/1685891513"}],"wp:attachment":[{"href":"https:\/\/loutficompany.com\/index.php?rest_route=%2Fwp%2Fv2%2Fmedia&parent=1685891512"}],"wp:term":[{"taxonomy":"product_cat","embeddable":true,"href":"https:\/\/loutficompany.com\/index.php?rest_route=%2Fwp%2Fv2%2Fproduct_cat&post=1685891512"},{"taxonomy":"product_tag","embeddable":true,"href":"https:\/\/loutficompany.com\/index.php?rest_route=%2Fwp%2Fv2%2Fproduct_tag&post=1685891512"}],"curies":[{"name":"wp","href":"https:\/\/api.w.org\/{rel}","templated":true}]}}