{"id":1685891506,"date":"2023-08-16T14:54:00","date_gmt":"2023-08-16T12:54:00","guid":{"rendered":"https:\/\/loutficompany.com\/?post_type=product&#038;p=1685891506"},"modified":"2023-08-17T13:45:52","modified_gmt":"2023-08-17T11:45:52","slug":"nettoyant-concentre-parfume-1-l","status":"publish","type":"product","link":"https:\/\/loutficompany.com\/?product=nettoyant-concentre-parfume-1-l","title":{"rendered":"Nettoyant Concentr\u00e9 Parfum\u00e9 1 L"},"content":{"rendered":"","protected":false},"excerpt":{"rendered":"<p>Description<br \/>\nLe nettoyant concentr\u00e9 1L MAYORDOMO est sp\u00e9cialement con\u00e7u pour le nettoyage de tous types de surfaces lavables. Gr\u00e2ce \u00e0 sa formule, les surfaces gardent leur brillance d\u2019origine sans besoin de rin\u00e7age. S\u00e9chage rapide.<\/p>\n","protected":false},"featured_media":1685891507,"template":"","meta":{"site-sidebar-layout":"default","site-content-layout":"","ast-site-content-layout":"","site-content-style":"default","site-sidebar-style":"default","ast-global-header-display":"","ast-banner-title-visibility":"","ast-main-header-display":"","ast-hfb-above-header-display":"","ast-hfb-below-header-display":"","ast-hfb-mobile-header-display":"","site-post-title":"","ast-breadcrumbs-content":"","ast-featured-img":"","footer-sml-layout":"","theme-transparent-header-meta":"","adv-header-id-meta":"","stick-header-meta":"","header-above-stick-meta":"","header-main-stick-meta":"","header-below-stick-meta":"","astra-migrate-meta-layouts":""},"product_cat":[92],"product_tag":[],"_links":{"self":[{"href":"https:\/\/loutficompany.com\/index.php?rest_route=\/wp\/v2\/product\/1685891506"}],"collection":[{"href":"https:\/\/loutficompany.com\/index.php?rest_route=\/wp\/v2\/product"}],"about":[{"href":"https:\/\/loutficompany.com\/index.php?rest_route=\/wp\/v2\/types\/product"}],"wp:featuredmedia":[{"embeddable":true,"href":"https:\/\/loutficompany.com\/index.php?rest_route=\/wp\/v2\/media\/1685891507"}],"wp:attachment":[{"href":"https:\/\/loutficompany.com\/index.php?rest_route=%2Fwp%2Fv2%2Fmedia&parent=1685891506"}],"wp:term":[{"taxonomy":"product_cat","embeddable":true,"href":"https:\/\/loutficompany.com\/index.php?rest_route=%2Fwp%2Fv2%2Fproduct_cat&post=1685891506"},{"taxonomy":"product_tag","embeddable":true,"href":"https:\/\/loutficompany.com\/index.php?rest_route=%2Fwp%2Fv2%2Fproduct_tag&post=1685891506"}],"curies":[{"name":"wp","href":"https:\/\/api.w.org\/{rel}","templated":true}]}}