{"id":1685891502,"date":"2023-08-16T14:54:00","date_gmt":"2023-08-16T12:54:00","guid":{"rendered":"https:\/\/loutficompany.com\/?post_type=product&#038;p=1685891502"},"modified":"2023-08-17T13:45:52","modified_gmt":"2023-08-17T11:45:52","slug":"nettoyant-multi-surfaces-1000-ml","status":"publish","type":"product","link":"https:\/\/loutficompany.com\/?product=nettoyant-multi-surfaces-1000-ml","title":{"rendered":"Nettoyant Multi-Surfaces 1000 ml"},"content":{"rendered":"","protected":false},"excerpt":{"rendered":"<p>Description<br \/>\nLe spray nettoyant et antid\u00e9rapant pour les balais serpill\u00e8res 1000\u00a0ml de MAYORDOMO, pulv\u00e9ris\u00e9 sur votre balai serpill\u00e8re, capture la poussi\u00e8re tout en faisant briller la surface \u00e0 nettoyer. Parfait pour le nettoyage et l\u2019entretien du gr\u00e8s, du terrazzo, du parquet et du marbre.<\/p>\n","protected":false},"featured_media":1685891503,"template":"","meta":{"site-sidebar-layout":"default","site-content-layout":"","ast-site-content-layout":"","site-content-style":"default","site-sidebar-style":"default","ast-global-header-display":"","ast-banner-title-visibility":"","ast-main-header-display":"","ast-hfb-above-header-display":"","ast-hfb-below-header-display":"","ast-hfb-mobile-header-display":"","site-post-title":"","ast-breadcrumbs-content":"","ast-featured-img":"","footer-sml-layout":"","theme-transparent-header-meta":"","adv-header-id-meta":"","stick-header-meta":"","header-above-stick-meta":"","header-main-stick-meta":"","header-below-stick-meta":"","astra-migrate-meta-layouts":""},"product_cat":[92],"product_tag":[],"_links":{"self":[{"href":"https:\/\/loutficompany.com\/index.php?rest_route=\/wp\/v2\/product\/1685891502"}],"collection":[{"href":"https:\/\/loutficompany.com\/index.php?rest_route=\/wp\/v2\/product"}],"about":[{"href":"https:\/\/loutficompany.com\/index.php?rest_route=\/wp\/v2\/types\/product"}],"wp:featuredmedia":[{"embeddable":true,"href":"https:\/\/loutficompany.com\/index.php?rest_route=\/wp\/v2\/media\/1685891503"}],"wp:attachment":[{"href":"https:\/\/loutficompany.com\/index.php?rest_route=%2Fwp%2Fv2%2Fmedia&parent=1685891502"}],"wp:term":[{"taxonomy":"product_cat","embeddable":true,"href":"https:\/\/loutficompany.com\/index.php?rest_route=%2Fwp%2Fv2%2Fproduct_cat&post=1685891502"},{"taxonomy":"product_tag","embeddable":true,"href":"https:\/\/loutficompany.com\/index.php?rest_route=%2Fwp%2Fv2%2Fproduct_tag&post=1685891502"}],"curies":[{"name":"wp","href":"https:\/\/api.w.org\/{rel}","templated":true}]}}