{"id":1685891486,"date":"2023-08-16T14:22:01","date_gmt":"2023-08-16T12:22:01","guid":{"rendered":"https:\/\/loutficompany.com\/?post_type=product&#038;p=1685891486"},"modified":"2023-08-16T14:51:11","modified_gmt":"2023-08-16T12:51:11","slug":"desodorisant-concentre-luxury-125-ml","status":"publish","type":"product","link":"https:\/\/loutficompany.com\/?product=desodorisant-concentre-luxury-125-ml","title":{"rendered":"D\u00e9sodorisant Concentr\u00e9 Luxury 125 ml"},"content":{"rendered":"","protected":false},"excerpt":{"rendered":"<p>Description<br \/>\nLe d\u00e9sodorisant concentr\u00e9 goutte \u00e0 goutte 125\u00a0ml Luxury de MAYORDOMO parfume votre maison, votre voiture, votre salle de bain, etc. pendant des heures. Disponible dans une bo\u00eete pr\u00e9sentoir.<\/p>\n","protected":false},"featured_media":1685891435,"template":"","meta":{"site-sidebar-layout":"default","site-content-layout":"","ast-site-content-layout":"","site-content-style":"default","site-sidebar-style":"default","ast-global-header-display":"","ast-banner-title-visibility":"","ast-main-header-display":"","ast-hfb-above-header-display":"","ast-hfb-below-header-display":"","ast-hfb-mobile-header-display":"","site-post-title":"","ast-breadcrumbs-content":"","ast-featured-img":"","footer-sml-layout":"","theme-transparent-header-meta":"","adv-header-id-meta":"","stick-header-meta":"","header-above-stick-meta":"","header-main-stick-meta":"","header-below-stick-meta":"","astra-migrate-meta-layouts":""},"product_cat":[89],"product_tag":[],"_links":{"self":[{"href":"https:\/\/loutficompany.com\/index.php?rest_route=\/wp\/v2\/product\/1685891486"}],"collection":[{"href":"https:\/\/loutficompany.com\/index.php?rest_route=\/wp\/v2\/product"}],"about":[{"href":"https:\/\/loutficompany.com\/index.php?rest_route=\/wp\/v2\/types\/product"}],"wp:featuredmedia":[{"embeddable":true,"href":"https:\/\/loutficompany.com\/index.php?rest_route=\/wp\/v2\/media\/1685891435"}],"wp:attachment":[{"href":"https:\/\/loutficompany.com\/index.php?rest_route=%2Fwp%2Fv2%2Fmedia&parent=1685891486"}],"wp:term":[{"taxonomy":"product_cat","embeddable":true,"href":"https:\/\/loutficompany.com\/index.php?rest_route=%2Fwp%2Fv2%2Fproduct_cat&post=1685891486"},{"taxonomy":"product_tag","embeddable":true,"href":"https:\/\/loutficompany.com\/index.php?rest_route=%2Fwp%2Fv2%2Fproduct_tag&post=1685891486"}],"curies":[{"name":"wp","href":"https:\/\/api.w.org\/{rel}","templated":true}]}}