{"id":1685891471,"date":"2023-08-16T14:21:59","date_gmt":"2023-08-16T12:21:59","guid":{"rendered":"https:\/\/loutficompany.com\/?post_type=product&#038;p=1685891471"},"modified":"2023-08-16T14:51:48","modified_gmt":"2023-08-16T12:51:48","slug":"desodorisant-mini-spray-fraicheur-bebe-2-x-12-ml","status":"publish","type":"product","link":"https:\/\/loutficompany.com\/?product=desodorisant-mini-spray-fraicheur-bebe-2-x-12-ml","title":{"rendered":"D\u00e9sodorisant Mini-Spray Fra\u00eecheur B\u00e9be 2 x 12 ml"},"content":{"rendered":"","protected":false},"excerpt":{"rendered":"<p>Description<br \/>\nD\u00e9sodorisant miniclick 2 x 12\u00a0ml de MAYORDOMO. Le petit grand h\u00e9ros qui parfume instantan\u00e9ment n\u2019importe quelle pi\u00e8ce de votre maison (cuisine, salle de bain\u2026). Petit et discret, il peut \u00eatre coll\u00e9 et plac\u00e9 \u00e0 l\u2019endroit souhait\u00e9. Choisissez entre diff\u00e9rents ar\u00f4mes\u00a0: fleurs blanches, Spa et fra\u00eecheur d\u2019enfance.<\/p>\n<p>Comprend 2 recharges. Disponible dans une bo\u00eete pr\u00e9sentoir.<\/p>\n","protected":false},"featured_media":1685891472,"template":"","meta":{"site-sidebar-layout":"default","site-content-layout":"","ast-site-content-layout":"","site-content-style":"default","site-sidebar-style":"default","ast-global-header-display":"","ast-banner-title-visibility":"","ast-main-header-display":"","ast-hfb-above-header-display":"","ast-hfb-below-header-display":"","ast-hfb-mobile-header-display":"","site-post-title":"","ast-breadcrumbs-content":"","ast-featured-img":"","footer-sml-layout":"","theme-transparent-header-meta":"","adv-header-id-meta":"","stick-header-meta":"","header-above-stick-meta":"","header-main-stick-meta":"","header-below-stick-meta":"","astra-migrate-meta-layouts":""},"product_cat":[88],"product_tag":[],"_links":{"self":[{"href":"https:\/\/loutficompany.com\/index.php?rest_route=\/wp\/v2\/product\/1685891471"}],"collection":[{"href":"https:\/\/loutficompany.com\/index.php?rest_route=\/wp\/v2\/product"}],"about":[{"href":"https:\/\/loutficompany.com\/index.php?rest_route=\/wp\/v2\/types\/product"}],"wp:featuredmedia":[{"embeddable":true,"href":"https:\/\/loutficompany.com\/index.php?rest_route=\/wp\/v2\/media\/1685891472"}],"wp:attachment":[{"href":"https:\/\/loutficompany.com\/index.php?rest_route=%2Fwp%2Fv2%2Fmedia&parent=1685891471"}],"wp:term":[{"taxonomy":"product_cat","embeddable":true,"href":"https:\/\/loutficompany.com\/index.php?rest_route=%2Fwp%2Fv2%2Fproduct_cat&post=1685891471"},{"taxonomy":"product_tag","embeddable":true,"href":"https:\/\/loutficompany.com\/index.php?rest_route=%2Fwp%2Fv2%2Fproduct_tag&post=1685891471"}],"curies":[{"name":"wp","href":"https:\/\/api.w.org\/{rel}","templated":true}]}}