{"id":1685891453,"date":"2023-08-16T14:21:56","date_gmt":"2023-08-16T12:21:56","guid":{"rendered":"https:\/\/loutficompany.com\/?post_type=product&#038;p=1685891453"},"modified":"2023-08-16T14:52:30","modified_gmt":"2023-08-16T12:52:30","slug":"recharge-de-desodorisant-essences-de-landalousie-335-cc","status":"publish","type":"product","link":"https:\/\/loutficompany.com\/?product=recharge-de-desodorisant-essences-de-landalousie-335-cc","title":{"rendered":"Recharge de D\u00e9sodorisant Essences de L\u2019Andalousie 335 cc"},"content":{"rendered":"","protected":false},"excerpt":{"rendered":"<p>Description<br \/>\nLe Recharge de D\u00e9sodorisant en Spray 335cc MAYORDOMO. Essences de l\u2019Andalousie rafra\u00eechit et parfume son foyer, en laissant l\u2019atmosph\u00e8re d\u00e9sir\u00e9e. Il peut \u00eatre utilis\u00e9 manuellement ou avec n\u2019importe quel type de diffuseur automatique d\u2019a\u00e9rosols.<\/p>\n<p>Dur\u00e9e de 60 jours.<\/p>\n","protected":false},"featured_media":1685891454,"template":"","meta":{"site-sidebar-layout":"default","site-content-layout":"","ast-site-content-layout":"","site-content-style":"default","site-sidebar-style":"default","ast-global-header-display":"","ast-banner-title-visibility":"","ast-main-header-display":"","ast-hfb-above-header-display":"","ast-hfb-below-header-display":"","ast-hfb-mobile-header-display":"","site-post-title":"","ast-breadcrumbs-content":"","ast-featured-img":"","footer-sml-layout":"","theme-transparent-header-meta":"","adv-header-id-meta":"","stick-header-meta":"","header-above-stick-meta":"","header-main-stick-meta":"","header-below-stick-meta":"","astra-migrate-meta-layouts":""},"product_cat":[88],"product_tag":[],"_links":{"self":[{"href":"https:\/\/loutficompany.com\/index.php?rest_route=\/wp\/v2\/product\/1685891453"}],"collection":[{"href":"https:\/\/loutficompany.com\/index.php?rest_route=\/wp\/v2\/product"}],"about":[{"href":"https:\/\/loutficompany.com\/index.php?rest_route=\/wp\/v2\/types\/product"}],"wp:featuredmedia":[{"embeddable":true,"href":"https:\/\/loutficompany.com\/index.php?rest_route=\/wp\/v2\/media\/1685891454"}],"wp:attachment":[{"href":"https:\/\/loutficompany.com\/index.php?rest_route=%2Fwp%2Fv2%2Fmedia&parent=1685891453"}],"wp:term":[{"taxonomy":"product_cat","embeddable":true,"href":"https:\/\/loutficompany.com\/index.php?rest_route=%2Fwp%2Fv2%2Fproduct_cat&post=1685891453"},{"taxonomy":"product_tag","embeddable":true,"href":"https:\/\/loutficompany.com\/index.php?rest_route=%2Fwp%2Fv2%2Fproduct_tag&post=1685891453"}],"curies":[{"name":"wp","href":"https:\/\/api.w.org\/{rel}","templated":true}]}}