{"id":1685891417,"date":"2023-08-14T17:55:35","date_gmt":"2023-08-14T15:55:35","guid":{"rendered":"https:\/\/loutficompany.com\/?post_type=product&#038;p=1685891417"},"modified":"2023-08-14T18:07:38","modified_gmt":"2023-08-14T16:07:38","slug":"adocissant-concentre-florale-avec-microcapsules-biodegradables-2l-2","status":"publish","type":"product","link":"https:\/\/loutficompany.com\/?product=adocissant-concentre-florale-avec-microcapsules-biodegradables-2l-2","title":{"rendered":"Adocissant Concentr\u00e9 Florale avec Microcapsules Biod\u00e9gradables 2L"},"content":{"rendered":"","protected":false},"excerpt":{"rendered":"<p>Adoucissant concentr\u00e9 avec Microcapsules Biod\u00e9gradables 2 l de MAYORDOMO pour 100 lavages. Gr\u00e2ce \u00e0 sa nouvelle formule, il apporte \u00e0 vos v\u00eatements une douceur et un toucher extraordinaires, en laissant un parfum et une fra\u00eecheur plus durables. Votre alli\u00e9 id\u00e9al pour le soin des v\u00eatements. Profitez de ses diff\u00e9rents ar\u00f4mes : Spa, Talc, Fleurs, Caprice et Rose musqu\u00e9e. \u00c9galement disponible en SPA en box palette.<\/p>\n","protected":false},"featured_media":1685891416,"template":"","meta":{"site-sidebar-layout":"default","site-content-layout":"","ast-site-content-layout":"","site-content-style":"default","site-sidebar-style":"default","ast-global-header-display":"","ast-banner-title-visibility":"","ast-main-header-display":"","ast-hfb-above-header-display":"","ast-hfb-below-header-display":"","ast-hfb-mobile-header-display":"","site-post-title":"","ast-breadcrumbs-content":"","ast-featured-img":"","footer-sml-layout":"","theme-transparent-header-meta":"","adv-header-id-meta":"","stick-header-meta":"","header-above-stick-meta":"","header-main-stick-meta":"","header-below-stick-meta":"","astra-migrate-meta-layouts":""},"product_cat":[83],"product_tag":[],"_links":{"self":[{"href":"https:\/\/loutficompany.com\/index.php?rest_route=\/wp\/v2\/product\/1685891417"}],"collection":[{"href":"https:\/\/loutficompany.com\/index.php?rest_route=\/wp\/v2\/product"}],"about":[{"href":"https:\/\/loutficompany.com\/index.php?rest_route=\/wp\/v2\/types\/product"}],"wp:featuredmedia":[{"embeddable":true,"href":"https:\/\/loutficompany.com\/index.php?rest_route=\/wp\/v2\/media\/1685891416"}],"wp:attachment":[{"href":"https:\/\/loutficompany.com\/index.php?rest_route=%2Fwp%2Fv2%2Fmedia&parent=1685891417"}],"wp:term":[{"taxonomy":"product_cat","embeddable":true,"href":"https:\/\/loutficompany.com\/index.php?rest_route=%2Fwp%2Fv2%2Fproduct_cat&post=1685891417"},{"taxonomy":"product_tag","embeddable":true,"href":"https:\/\/loutficompany.com\/index.php?rest_route=%2Fwp%2Fv2%2Fproduct_tag&post=1685891417"}],"curies":[{"name":"wp","href":"https:\/\/api.w.org\/{rel}","templated":true}]}}