{"id":1685891376,"date":"2023-08-14T17:55:27","date_gmt":"2023-08-14T15:55:27","guid":{"rendered":"https:\/\/loutficompany.com\/?post_type=product&#038;p=1685891376"},"modified":"2023-08-14T18:07:38","modified_gmt":"2023-08-14T16:07:38","slug":"adocissant-parfum-de-linge-3-en-1-750ml-2","status":"publish","type":"product","link":"https:\/\/loutficompany.com\/?product=adocissant-parfum-de-linge-3-en-1-750ml-2","title":{"rendered":"Adocissant Parfum de Linge 3 en 1 750ml"},"content":{"rendered":"","protected":false},"excerpt":{"rendered":"<p>Le nouveau adoucissant parfum de linge 3 en 1 MAYORDOMO avec des microcapsules biod\u00e9gradables lib\u00e9ratrices de parfum, procure \u00e0 votre linge un parfum plus intense et longue dur\u00e9, une douceur extraordinaire et un repassage facile. 37 lavages.<\/p>\n","protected":false},"featured_media":1685891375,"template":"","meta":{"site-sidebar-layout":"default","site-content-layout":"","ast-site-content-layout":"","site-content-style":"default","site-sidebar-style":"default","ast-global-header-display":"","ast-banner-title-visibility":"","ast-main-header-display":"","ast-hfb-above-header-display":"","ast-hfb-below-header-display":"","ast-hfb-mobile-header-display":"","site-post-title":"","ast-breadcrumbs-content":"","ast-featured-img":"","footer-sml-layout":"","theme-transparent-header-meta":"","adv-header-id-meta":"","stick-header-meta":"","header-above-stick-meta":"","header-main-stick-meta":"","header-below-stick-meta":"","astra-migrate-meta-layouts":""},"product_cat":[83],"product_tag":[],"_links":{"self":[{"href":"https:\/\/loutficompany.com\/index.php?rest_route=\/wp\/v2\/product\/1685891376"}],"collection":[{"href":"https:\/\/loutficompany.com\/index.php?rest_route=\/wp\/v2\/product"}],"about":[{"href":"https:\/\/loutficompany.com\/index.php?rest_route=\/wp\/v2\/types\/product"}],"wp:featuredmedia":[{"embeddable":true,"href":"https:\/\/loutficompany.com\/index.php?rest_route=\/wp\/v2\/media\/1685891375"}],"wp:attachment":[{"href":"https:\/\/loutficompany.com\/index.php?rest_route=%2Fwp%2Fv2%2Fmedia&parent=1685891376"}],"wp:term":[{"taxonomy":"product_cat","embeddable":true,"href":"https:\/\/loutficompany.com\/index.php?rest_route=%2Fwp%2Fv2%2Fproduct_cat&post=1685891376"},{"taxonomy":"product_tag","embeddable":true,"href":"https:\/\/loutficompany.com\/index.php?rest_route=%2Fwp%2Fv2%2Fproduct_tag&post=1685891376"}],"curies":[{"name":"wp","href":"https:\/\/api.w.org\/{rel}","templated":true}]}}