{"id":1685891337,"date":"2023-08-14T16:48:39","date_gmt":"2023-08-14T14:48:39","guid":{"rendered":"https:\/\/loutficompany.com\/?post_type=product&#038;p=1685891337"},"modified":"2023-08-14T16:48:40","modified_gmt":"2023-08-14T14:48:40","slug":"https-www-agradocosmetic-com-fr-producto-savon-liquide-mains-melon-frais-2-5","status":"publish","type":"product","link":"https:\/\/loutficompany.com\/?product=https-www-agradocosmetic-com-fr-producto-savon-liquide-mains-melon-frais-2-5","title":{"rendered":"Savonnette Miel"},"content":{"rendered":"","protected":false},"excerpt":{"rendered":"<p>Savon naturel parfum\u00e9 au miel, aux propri\u00e9t\u00e9s adoucissantes.\u00c9labor\u00e9 \u00e0 partir de mati\u00e8res premi\u00e8res naturelles et biod\u00e9gradables. Id\u00e9al pour les peaux s\u00e8ches. 115 gr.<\/p>\n","protected":false},"featured_media":1685891338,"template":"","meta":{"site-sidebar-layout":"default","site-content-layout":"","ast-site-content-layout":"","site-content-style":"default","site-sidebar-style":"default","ast-global-header-display":"","ast-banner-title-visibility":"","ast-main-header-display":"","ast-hfb-above-header-display":"","ast-hfb-below-header-display":"","ast-hfb-mobile-header-display":"","site-post-title":"","ast-breadcrumbs-content":"","ast-featured-img":"","footer-sml-layout":"","theme-transparent-header-meta":"","adv-header-id-meta":"","stick-header-meta":"","header-above-stick-meta":"","header-main-stick-meta":"","header-below-stick-meta":"","astra-migrate-meta-layouts":""},"product_cat":[75],"product_tag":[],"_links":{"self":[{"href":"https:\/\/loutficompany.com\/index.php?rest_route=\/wp\/v2\/product\/1685891337"}],"collection":[{"href":"https:\/\/loutficompany.com\/index.php?rest_route=\/wp\/v2\/product"}],"about":[{"href":"https:\/\/loutficompany.com\/index.php?rest_route=\/wp\/v2\/types\/product"}],"wp:featuredmedia":[{"embeddable":true,"href":"https:\/\/loutficompany.com\/index.php?rest_route=\/wp\/v2\/media\/1685891338"}],"wp:attachment":[{"href":"https:\/\/loutficompany.com\/index.php?rest_route=%2Fwp%2Fv2%2Fmedia&parent=1685891337"}],"wp:term":[{"taxonomy":"product_cat","embeddable":true,"href":"https:\/\/loutficompany.com\/index.php?rest_route=%2Fwp%2Fv2%2Fproduct_cat&post=1685891337"},{"taxonomy":"product_tag","embeddable":true,"href":"https:\/\/loutficompany.com\/index.php?rest_route=%2Fwp%2Fv2%2Fproduct_tag&post=1685891337"}],"curies":[{"name":"wp","href":"https:\/\/api.w.org\/{rel}","templated":true}]}}