{"id":1685891335,"date":"2023-08-14T16:48:39","date_gmt":"2023-08-14T14:48:39","guid":{"rendered":"https:\/\/loutficompany.com\/?post_type=product&#038;p=1685891335"},"modified":"2023-08-14T16:48:39","modified_gmt":"2023-08-14T14:48:39","slug":"https-www-agradocosmetic-com-fr-producto-savon-liquide-mains-melon-frais-2-4","status":"publish","type":"product","link":"https:\/\/loutficompany.com\/?product=https-www-agradocosmetic-com-fr-producto-savon-liquide-mains-melon-frais-2-4","title":{"rendered":"Savonnette Glyc\u00e9rine"},"content":{"rendered":"","protected":false},"excerpt":{"rendered":"<p>Savon naturel \u00e0 la glyc\u00e9rine et dot\u00e9 d\u2019excellentes propri\u00e9t\u00e9s \u00e9mollientes et adoucissantes. \u00c9labor\u00e9 \u00e0 partir de mati\u00e8res premi\u00e8res naturelles et biod\u00e9gradables. Id\u00e9al pour les peaux d\u00e9licates. 115 gr.<\/p>\n","protected":false},"featured_media":1685891336,"template":"","meta":{"site-sidebar-layout":"default","site-content-layout":"","ast-site-content-layout":"","site-content-style":"default","site-sidebar-style":"default","ast-global-header-display":"","ast-banner-title-visibility":"","ast-main-header-display":"","ast-hfb-above-header-display":"","ast-hfb-below-header-display":"","ast-hfb-mobile-header-display":"","site-post-title":"","ast-breadcrumbs-content":"","ast-featured-img":"","footer-sml-layout":"","theme-transparent-header-meta":"","adv-header-id-meta":"","stick-header-meta":"","header-above-stick-meta":"","header-main-stick-meta":"","header-below-stick-meta":"","astra-migrate-meta-layouts":""},"product_cat":[75],"product_tag":[],"_links":{"self":[{"href":"https:\/\/loutficompany.com\/index.php?rest_route=\/wp\/v2\/product\/1685891335"}],"collection":[{"href":"https:\/\/loutficompany.com\/index.php?rest_route=\/wp\/v2\/product"}],"about":[{"href":"https:\/\/loutficompany.com\/index.php?rest_route=\/wp\/v2\/types\/product"}],"wp:featuredmedia":[{"embeddable":true,"href":"https:\/\/loutficompany.com\/index.php?rest_route=\/wp\/v2\/media\/1685891336"}],"wp:attachment":[{"href":"https:\/\/loutficompany.com\/index.php?rest_route=%2Fwp%2Fv2%2Fmedia&parent=1685891335"}],"wp:term":[{"taxonomy":"product_cat","embeddable":true,"href":"https:\/\/loutficompany.com\/index.php?rest_route=%2Fwp%2Fv2%2Fproduct_cat&post=1685891335"},{"taxonomy":"product_tag","embeddable":true,"href":"https:\/\/loutficompany.com\/index.php?rest_route=%2Fwp%2Fv2%2Fproduct_tag&post=1685891335"}],"curies":[{"name":"wp","href":"https:\/\/api.w.org\/{rel}","templated":true}]}}