{"id":1685891323,"date":"2023-08-14T16:48:35","date_gmt":"2023-08-14T14:48:35","guid":{"rendered":"https:\/\/loutficompany.com\/?post_type=product&#038;p=1685891323"},"modified":"2023-08-14T16:48:35","modified_gmt":"2023-08-14T14:48:35","slug":"https-www-agradocosmetic-com-fr-producto-savon-liquide-mains-dermo-vanille","status":"publish","type":"product","link":"https:\/\/loutficompany.com\/?product=https-www-agradocosmetic-com-fr-producto-savon-liquide-mains-dermo-vanille","title":{"rendered":"Savon liquide mains dermo vanille"},"content":{"rendered":"","protected":false},"excerpt":{"rendered":"<p>FORMULE AM\u00c9LIOR\u00c9E. Le savon pour les mains Dermo Vanille AGRADO au pH neutre pr\u00e9sente un d\u00e9licat ar\u00f4me de vanille qui rend le lavage des mains absolument d\u00e9licieux.. Pr\u00e9sent\u00e9 dans un flacon doseur discret mais tr\u00e8s moderne, il aura sa place dans votre salle de bains. Dermatologiquement test\u00e9.<\/p>\n","protected":false},"featured_media":1685891324,"template":"","meta":{"site-sidebar-layout":"default","site-content-layout":"","ast-site-content-layout":"","site-content-style":"default","site-sidebar-style":"default","ast-global-header-display":"","ast-banner-title-visibility":"","ast-main-header-display":"","ast-hfb-above-header-display":"","ast-hfb-below-header-display":"","ast-hfb-mobile-header-display":"","site-post-title":"","ast-breadcrumbs-content":"","ast-featured-img":"","footer-sml-layout":"","theme-transparent-header-meta":"","adv-header-id-meta":"","stick-header-meta":"","header-above-stick-meta":"","header-main-stick-meta":"","header-below-stick-meta":"","astra-migrate-meta-layouts":""},"product_cat":[75],"product_tag":[],"_links":{"self":[{"href":"https:\/\/loutficompany.com\/index.php?rest_route=\/wp\/v2\/product\/1685891323"}],"collection":[{"href":"https:\/\/loutficompany.com\/index.php?rest_route=\/wp\/v2\/product"}],"about":[{"href":"https:\/\/loutficompany.com\/index.php?rest_route=\/wp\/v2\/types\/product"}],"wp:featuredmedia":[{"embeddable":true,"href":"https:\/\/loutficompany.com\/index.php?rest_route=\/wp\/v2\/media\/1685891324"}],"wp:attachment":[{"href":"https:\/\/loutficompany.com\/index.php?rest_route=%2Fwp%2Fv2%2Fmedia&parent=1685891323"}],"wp:term":[{"taxonomy":"product_cat","embeddable":true,"href":"https:\/\/loutficompany.com\/index.php?rest_route=%2Fwp%2Fv2%2Fproduct_cat&post=1685891323"},{"taxonomy":"product_tag","embeddable":true,"href":"https:\/\/loutficompany.com\/index.php?rest_route=%2Fwp%2Fv2%2Fproduct_tag&post=1685891323"}],"curies":[{"name":"wp","href":"https:\/\/api.w.org\/{rel}","templated":true}]}}