{"id":1685891315,"date":"2023-08-14T16:48:33","date_gmt":"2023-08-14T14:48:33","guid":{"rendered":"https:\/\/loutficompany.com\/?post_type=product&#038;p=1685891315"},"modified":"2023-08-14T16:48:34","modified_gmt":"2023-08-14T14:48:34","slug":"https-www-agradocosmetic-com-fr-producto-dissolvant-pour-ongles-hydratant","status":"publish","type":"product","link":"https:\/\/loutficompany.com\/?product=https-www-agradocosmetic-com-fr-producto-dissolvant-pour-ongles-hydratant","title":{"rendered":"Dissolvant pour ongles hydratant"},"content":{"rendered":"","protected":false},"excerpt":{"rendered":"<p>Solvant AGRADO \u00e0 l\u2019ac\u00e9tone. Riche en ac\u00e9tone, le solvant permet d\u2019\u00e9liminer instantan\u00e9ment le vernis. Contient des agents hydratants pour le soin des ongles et des cuticules. Dermatologiquement test\u00e9.<\/p>\n","protected":false},"featured_media":1685891316,"template":"","meta":{"site-sidebar-layout":"default","site-content-layout":"","ast-site-content-layout":"","site-content-style":"default","site-sidebar-style":"default","ast-global-header-display":"","ast-banner-title-visibility":"","ast-main-header-display":"","ast-hfb-above-header-display":"","ast-hfb-below-header-display":"","ast-hfb-mobile-header-display":"","site-post-title":"","ast-breadcrumbs-content":"","ast-featured-img":"","footer-sml-layout":"","theme-transparent-header-meta":"","adv-header-id-meta":"","stick-header-meta":"","header-above-stick-meta":"","header-main-stick-meta":"","header-below-stick-meta":"","astra-migrate-meta-layouts":""},"product_cat":[73],"product_tag":[],"_links":{"self":[{"href":"https:\/\/loutficompany.com\/index.php?rest_route=\/wp\/v2\/product\/1685891315"}],"collection":[{"href":"https:\/\/loutficompany.com\/index.php?rest_route=\/wp\/v2\/product"}],"about":[{"href":"https:\/\/loutficompany.com\/index.php?rest_route=\/wp\/v2\/types\/product"}],"wp:featuredmedia":[{"embeddable":true,"href":"https:\/\/loutficompany.com\/index.php?rest_route=\/wp\/v2\/media\/1685891316"}],"wp:attachment":[{"href":"https:\/\/loutficompany.com\/index.php?rest_route=%2Fwp%2Fv2%2Fmedia&parent=1685891315"}],"wp:term":[{"taxonomy":"product_cat","embeddable":true,"href":"https:\/\/loutficompany.com\/index.php?rest_route=%2Fwp%2Fv2%2Fproduct_cat&post=1685891315"},{"taxonomy":"product_tag","embeddable":true,"href":"https:\/\/loutficompany.com\/index.php?rest_route=%2Fwp%2Fv2%2Fproduct_tag&post=1685891315"}],"curies":[{"name":"wp","href":"https:\/\/api.w.org\/{rel}","templated":true}]}}