{"id":1685891256,"date":"2023-08-14T16:15:13","date_gmt":"2023-08-14T14:15:13","guid":{"rendered":"https:\/\/loutficompany.com\/?post_type=product&#038;p=1685891256"},"modified":"2023-08-14T16:15:14","modified_gmt":"2023-08-14T14:15:14","slug":"https-www-agradocosmetic-com-fr-producto-savon-intime","status":"publish","type":"product","link":"https:\/\/loutficompany.com\/?product=https-www-agradocosmetic-com-fr-producto-savon-intime","title":{"rendered":"Savon intime"},"content":{"rendered":"","protected":false},"excerpt":{"rendered":"<p>Le savon intime AGRADO est sp\u00e9cialement formul\u00e9 pour l\u2019hygi\u00e8ne des parties les plus d\u00e9licates, dans le respect de leur pH physiologique naturel. A subi des tests dermatologiques et gyn\u00e9cologiques. Contient de l\u2019extrait d\u2019Arbre \u00e0 th\u00e9. Riche de propri\u00e9t\u00e9s antiseptiques, cet extrait contribue \u00e0 la protection contre les irritations et agit comme d\u00e9odorant naturel. Dermatologiquement test\u00e9.<\/p>\n","protected":false},"featured_media":1685891257,"template":"","meta":{"site-sidebar-layout":"default","site-content-layout":"","ast-site-content-layout":"","site-content-style":"default","site-sidebar-style":"default","ast-global-header-display":"","ast-banner-title-visibility":"","ast-main-header-display":"","ast-hfb-above-header-display":"","ast-hfb-below-header-display":"","ast-hfb-mobile-header-display":"","site-post-title":"","ast-breadcrumbs-content":"","ast-featured-img":"","footer-sml-layout":"","theme-transparent-header-meta":"","adv-header-id-meta":"","stick-header-meta":"","header-above-stick-meta":"","header-main-stick-meta":"","header-below-stick-meta":"","astra-migrate-meta-layouts":""},"product_cat":[69],"product_tag":[],"_links":{"self":[{"href":"https:\/\/loutficompany.com\/index.php?rest_route=\/wp\/v2\/product\/1685891256"}],"collection":[{"href":"https:\/\/loutficompany.com\/index.php?rest_route=\/wp\/v2\/product"}],"about":[{"href":"https:\/\/loutficompany.com\/index.php?rest_route=\/wp\/v2\/types\/product"}],"wp:featuredmedia":[{"embeddable":true,"href":"https:\/\/loutficompany.com\/index.php?rest_route=\/wp\/v2\/media\/1685891257"}],"wp:attachment":[{"href":"https:\/\/loutficompany.com\/index.php?rest_route=%2Fwp%2Fv2%2Fmedia&parent=1685891256"}],"wp:term":[{"taxonomy":"product_cat","embeddable":true,"href":"https:\/\/loutficompany.com\/index.php?rest_route=%2Fwp%2Fv2%2Fproduct_cat&post=1685891256"},{"taxonomy":"product_tag","embeddable":true,"href":"https:\/\/loutficompany.com\/index.php?rest_route=%2Fwp%2Fv2%2Fproduct_tag&post=1685891256"}],"curies":[{"name":"wp","href":"https:\/\/api.w.org\/{rel}","templated":true}]}}