{"id":1685891254,"date":"2023-08-14T16:15:13","date_gmt":"2023-08-14T14:15:13","guid":{"rendered":"https:\/\/loutficompany.com\/?post_type=product&#038;p=1685891254"},"modified":"2023-08-14T16:15:13","modified_gmt":"2023-08-14T14:15:13","slug":"https-www-agradocosmetic-com-fr-producto-deodorant-roll-on-control-care-men","status":"publish","type":"product","link":"https:\/\/loutficompany.com\/?product=https-www-agradocosmetic-com-fr-producto-deodorant-roll-on-control-care-men","title":{"rendered":"D\u00e9odorant Roll-On  Control Care Men"},"content":{"rendered":"","protected":false},"excerpt":{"rendered":"<p>Pour les hommes qui recherchent un d\u00e9odorant efficace et doux pour la peau. Avec extrait de bisabolol, un anti-irritant qui prend soin de la zone d\u00e9licate des aisselles.Efficacit\u00e9 anti-transpiration. 48 heures de protection. Formule 0\u00a0% d\u2019alcool.Test\u00e9 sous contr\u00f4le dermatologique.<\/p>\n","protected":false},"featured_media":1685891255,"template":"","meta":{"site-sidebar-layout":"default","site-content-layout":"","ast-site-content-layout":"","site-content-style":"default","site-sidebar-style":"default","ast-global-header-display":"","ast-banner-title-visibility":"","ast-main-header-display":"","ast-hfb-above-header-display":"","ast-hfb-below-header-display":"","ast-hfb-mobile-header-display":"","site-post-title":"","ast-breadcrumbs-content":"","ast-featured-img":"","footer-sml-layout":"","theme-transparent-header-meta":"","adv-header-id-meta":"","stick-header-meta":"","header-above-stick-meta":"","header-main-stick-meta":"","header-below-stick-meta":"","astra-migrate-meta-layouts":""},"product_cat":[68],"product_tag":[],"_links":{"self":[{"href":"https:\/\/loutficompany.com\/index.php?rest_route=\/wp\/v2\/product\/1685891254"}],"collection":[{"href":"https:\/\/loutficompany.com\/index.php?rest_route=\/wp\/v2\/product"}],"about":[{"href":"https:\/\/loutficompany.com\/index.php?rest_route=\/wp\/v2\/types\/product"}],"wp:featuredmedia":[{"embeddable":true,"href":"https:\/\/loutficompany.com\/index.php?rest_route=\/wp\/v2\/media\/1685891255"}],"wp:attachment":[{"href":"https:\/\/loutficompany.com\/index.php?rest_route=%2Fwp%2Fv2%2Fmedia&parent=1685891254"}],"wp:term":[{"taxonomy":"product_cat","embeddable":true,"href":"https:\/\/loutficompany.com\/index.php?rest_route=%2Fwp%2Fv2%2Fproduct_cat&post=1685891254"},{"taxonomy":"product_tag","embeddable":true,"href":"https:\/\/loutficompany.com\/index.php?rest_route=%2Fwp%2Fv2%2Fproduct_tag&post=1685891254"}],"curies":[{"name":"wp","href":"https:\/\/api.w.org\/{rel}","templated":true}]}}