{"id":1685891242,"date":"2023-08-14T16:15:11","date_gmt":"2023-08-14T14:15:11","guid":{"rendered":"https:\/\/loutficompany.com\/?post_type=product&#038;p=1685891242"},"modified":"2023-08-14T16:15:11","modified_gmt":"2023-08-14T14:15:11","slug":"https-www-agradocosmetic-com-fr-producto-deodorant-body-spray-ice-sensation","status":"publish","type":"product","link":"https:\/\/loutficompany.com\/?product=https-www-agradocosmetic-com-fr-producto-deodorant-body-spray-ice-sensation","title":{"rendered":"D\u00e9odorant body spray ice sensation"},"content":{"rendered":"","protected":false},"excerpt":{"rendered":"<p>Le d\u00e9odorant Ice Sensation AGRADO pour homme est un spray pour le corps \u00e0 l\u2019ar\u00f4me frais et viril. Formul\u00e9 pour un usage quotidien, il procure une sensation rafra\u00eechissante toute la journ\u00e9e durant. Dermatologiquement test\u00e9.<\/p>\n","protected":false},"featured_media":1685891243,"template":"","meta":{"site-sidebar-layout":"default","site-content-layout":"","ast-site-content-layout":"","site-content-style":"default","site-sidebar-style":"default","ast-global-header-display":"","ast-banner-title-visibility":"","ast-main-header-display":"","ast-hfb-above-header-display":"","ast-hfb-below-header-display":"","ast-hfb-mobile-header-display":"","site-post-title":"","ast-breadcrumbs-content":"","ast-featured-img":"","footer-sml-layout":"","theme-transparent-header-meta":"","adv-header-id-meta":"","stick-header-meta":"","header-above-stick-meta":"","header-main-stick-meta":"","header-below-stick-meta":"","astra-migrate-meta-layouts":""},"product_cat":[68],"product_tag":[],"_links":{"self":[{"href":"https:\/\/loutficompany.com\/index.php?rest_route=\/wp\/v2\/product\/1685891242"}],"collection":[{"href":"https:\/\/loutficompany.com\/index.php?rest_route=\/wp\/v2\/product"}],"about":[{"href":"https:\/\/loutficompany.com\/index.php?rest_route=\/wp\/v2\/types\/product"}],"wp:featuredmedia":[{"embeddable":true,"href":"https:\/\/loutficompany.com\/index.php?rest_route=\/wp\/v2\/media\/1685891243"}],"wp:attachment":[{"href":"https:\/\/loutficompany.com\/index.php?rest_route=%2Fwp%2Fv2%2Fmedia&parent=1685891242"}],"wp:term":[{"taxonomy":"product_cat","embeddable":true,"href":"https:\/\/loutficompany.com\/index.php?rest_route=%2Fwp%2Fv2%2Fproduct_cat&post=1685891242"},{"taxonomy":"product_tag","embeddable":true,"href":"https:\/\/loutficompany.com\/index.php?rest_route=%2Fwp%2Fv2%2Fproduct_tag&post=1685891242"}],"curies":[{"name":"wp","href":"https:\/\/api.w.org\/{rel}","templated":true}]}}