{"id":1685891162,"date":"2023-08-14T15:42:00","date_gmt":"2023-08-14T13:42:00","guid":{"rendered":"https:\/\/loutficompany.com\/?post_type=product&#038;p=1685891162"},"modified":"2023-08-14T15:42:00","modified_gmt":"2023-08-14T13:42:00","slug":"https-www-agradocosmetic-com-fr-producto-keratine-liquide","status":"publish","type":"product","link":"https:\/\/loutficompany.com\/?product=https-www-agradocosmetic-com-fr-producto-keratine-liquide","title":{"rendered":"K\u00e9ratine liquide"},"content":{"rendered":"<p>La k\u00e9ratine liquide AGRADO compl\u00e8te le traitement quotidien des cheveux fris\u00e9s. La k\u00e9ratine contribue \u00e0 la r\u00e9paration de la cuticule de la fibre et donne \u00e0 vos cheveux douceur et vitalit\u00e9. Utilis\u00e9e sur les cheveux humides apr\u00e8s le shampooing, elle ne n\u00e9cessite pas de rin\u00e7age et permet de traiter les cheveux jour apr\u00e8s jour d\u2019une mani\u00e8re rapide et pratique. Utilis\u00e9 avec les autres produits de la ligne K\u00e9ratine AGRADO, vous obtiendrez une chevelure parfaite jour apr\u00e8s jour. Dermatologiquement test\u00e9e.<\/p>\n","protected":false},"excerpt":{"rendered":"<p>La k\u00e9ratine liquide AGRADO compl\u00e8te le traitement quotidien des cheveux fris\u00e9s. La k\u00e9ratine contribue \u00e0 la r\u00e9paration de la cuticule de la fibre et donne \u00e0 vos cheveux douceur et vitalit\u00e9. Utilis\u00e9e sur les cheveux humides apr\u00e8s le shampooing, elle ne n\u00e9cessite pas de rin\u00e7age et permet de traiter les cheveux jour apr\u00e8s jour d\u2019une &hellip;<\/p>\n<p class=\"read-more\"> <a class=\"\" href=\"https:\/\/loutficompany.com\/?product=https-www-agradocosmetic-com-fr-producto-keratine-liquide\"> <span class=\"screen-reader-text\">K\u00e9ratine liquide<\/span> Read More &raquo;<\/a><\/p>\n","protected":false},"featured_media":1685890443,"template":"","meta":{"site-sidebar-layout":"default","site-content-layout":"","ast-site-content-layout":"","site-content-style":"default","site-sidebar-style":"default","ast-global-header-display":"","ast-banner-title-visibility":"","ast-main-header-display":"","ast-hfb-above-header-display":"","ast-hfb-below-header-display":"","ast-hfb-mobile-header-display":"","site-post-title":"","ast-breadcrumbs-content":"","ast-featured-img":"","footer-sml-layout":"","theme-transparent-header-meta":"","adv-header-id-meta":"","stick-header-meta":"","header-above-stick-meta":"","header-main-stick-meta":"","header-below-stick-meta":"","astra-migrate-meta-layouts":""},"product_cat":[50],"product_tag":[],"_links":{"self":[{"href":"https:\/\/loutficompany.com\/index.php?rest_route=\/wp\/v2\/product\/1685891162"}],"collection":[{"href":"https:\/\/loutficompany.com\/index.php?rest_route=\/wp\/v2\/product"}],"about":[{"href":"https:\/\/loutficompany.com\/index.php?rest_route=\/wp\/v2\/types\/product"}],"wp:featuredmedia":[{"embeddable":true,"href":"https:\/\/loutficompany.com\/index.php?rest_route=\/wp\/v2\/media\/1685890443"}],"wp:attachment":[{"href":"https:\/\/loutficompany.com\/index.php?rest_route=%2Fwp%2Fv2%2Fmedia&parent=1685891162"}],"wp:term":[{"taxonomy":"product_cat","embeddable":true,"href":"https:\/\/loutficompany.com\/index.php?rest_route=%2Fwp%2Fv2%2Fproduct_cat&post=1685891162"},{"taxonomy":"product_tag","embeddable":true,"href":"https:\/\/loutficompany.com\/index.php?rest_route=%2Fwp%2Fv2%2Fproduct_tag&post=1685891162"}],"curies":[{"name":"wp","href":"https:\/\/api.w.org\/{rel}","templated":true}]}}